{"id":2857,"date":"2019-07-23T17:16:51","date_gmt":"2019-07-23T15:16:51","guid":{"rendered":"https:\/\/www.italiareservation.it\/?page_id=2857"},"modified":"2019-07-23T17:17:24","modified_gmt":"2019-07-23T15:17:24","slug":"privacy","status":"publish","type":"page","link":"https:\/\/www.italiareservation.it\/en\/privacy\/","title":{"rendered":"Privacy"},"content":{"rendered":"<p><strong>INFORMATIVA PRIVACY AI SENSI DELL\u2019ART. 13 DEL REGOLAMENTO UE 2016\/679<\/strong><\/p>\n<p><strong>(Informativa aggiornata al 25 maggio 2018)<\/strong><\/p>\n<p>Ai sensi dell\u2019articolo 13 del Regolamento (UE) 2016\/679 La informiamo che i dati personali acquisiti saranno trattati, anche in via automatizzata, da International Group srl  con sede a Padova in Corso Milano 54, Part. Iva 04987810282, Tel 0498766730, mail: info@international-group.it , e dai suoi diversi siti web, per l\u2019invio di materiale informativo o comunicazioni legate alle diverse attivit\u00e0 dei siti web di International Group srl .<\/p>\n<p>Il \u201cTitolare del trattamento\u201d<\/p>\n<p>International Group srl di Padova, ai sensi dell\u2019art. 24 del Regolamento UE 2016\/679 relativo alla protezione delle persone fisiche con riguardo al trattamento dei dati personali, nonch\u00e9 alla libera circolazione di tali dati (di seguito: \u201cRegolamento UE\u201d), \u00e8 Titolare del trattamento dei dati personali ed in attuazione dell\u2019art. 13 del Regolamento UE (\u201cInformazioni da fornire qualora i dati personali siano raccolti presso l\u2019interessato\u201d) e La informa che i dati personali acquisiti formano oggetto di trattamento nel rispetto della normativa sopra richiamata.<\/p>\n<p>In relazione ai suddetti trattamenti il Titolare fornisce, tra l\u2019altro, le seguenti informazioni:<br \/>\n\u2013 per \u201cdato personale\u201d (ex 4 numero 1 del Regolamento UE 2016\/679), si intende qualsiasi informazione riguardante una persona fisica identificata o identificabile (\u00abinteressato\u00bb); si considera identificabile la persona fisica che pu\u00f2 essere identificata, direttamente o indirettamente, con particolare riferimento a un identificativo come il nome, un numero di identificazione, dati relativi all\u2019ubicazione, un identificativo online o a uno o pi\u00f9 elementi caratteristici della sua identit\u00e0 fisica, fisiologica, genetica, psichica, economica, culturale o sociale;<br \/>\n\u2013 per \u201ctrattamento\u201d (ex 4 numero 2 del Regolamento UE 2016\/679), si intende qualsiasi operazione o insieme di operazioni, compiute con o senza l\u2019ausilio di processi automatizzati e applicate a dati personali o insiemi di dati personali, come la raccolta, la registrazione, l\u2019organizzazione, la strutturazione, la conservazione, l\u2019adattamento o la modifica, l\u2019estrazione, la consultazione, l\u2019uso, la comunicazione mediante trasmissione, diffusione o qualsiasi altra forma di messa a disposizione, il raffronto o l\u2019interconnessione, la limitazione, la cancellazione o la distruzione. Tale trattamento deve essere improntato ai principi di correttezza, liceit\u00e0, trasparenza, tutelando la Sua riservatezza e i Suoi diritti.<\/p>\n<p>Titolare del trattamento<\/p>\n<p>Ragione Sociale: International Group srl<br \/>\nIndirizzo sede legale: Corso Milano 54, 35139 Padova<br \/>\nDati contatto telefonico: 0498766730<br \/>\nDati contatto email: info@international-group.it<\/p>\n<p>Data Protection Officer (DPO)<br \/>\nNome e Cognome: Leonardo Surico<br \/>\nDomicilio per l\u2019incarico: Corso Milano 54, 35139 Padova<br \/>\nDati contatto email: direzione@international-group.it<\/p>\n<p>Dati personali raccolti<\/p>\n<p>I dati personali raccolti sono inerenti essenzialmente a:<br \/>\nDati identificativi (nome e cognome, telefono, indirizzo e-mail, etc.). Gli stessi sono forniti dall\u2019interessato (nella sua accezione pi\u00f9 ampia) direttamente.<\/p>\n<p>Finalit\u00e0 del trattamento<br \/>\nLe finalit\u00e0 del trattamento dei dati personali sono le seguenti:<br \/>\n\u2013 attivit\u00e0 di marketing e pubblicit\u00e0 attraverso l\u2019invio, anche via mail, di materiale promozionale e di informazioni relative alle diverse attivit\u00e0 di International Group srl<br \/>\n\u2013 invio di materiale informativo e comunicazioni sul settore ICT e innovazione digitale, comunicazioni internet social e video, vacanze, turismo, servizi, anche attraverso la newsletter mensile;<br \/>\n\u2013 invito alla compilazione di survey e alla possibilit\u00e0 di effettuare download di ricerche e osservatori;<br \/>\n\u2013 invito e partecipazione a corsi di formazione, convegni, seminari, eventi, manifestazioni, fiere, etc..<\/p>\n<p>Periodo di conservazione<br \/>\nPer un periodo di 120 mesi dal rilascio del consenso, salvo disdetta.<\/p>\n<p>Diritti dell\u2019interessato<br \/>\nL\u2019interessato, in relazione ai dati personali oggetto della presente informativa, ha la facolt\u00e0 di esercitare i diritti previsti dal Regolamento UE di seguito riportati:<br \/>\n\u2013 diritto di accesso dell\u2019interessato [art. 15 del Regolamento UE] (la possibilit\u00e0 di essere informato sui trattamenti effettuati sui propri Dati Personali ed eventualmente riceverne copia);<br \/>\n\u2013 diritto di rettifica dei propri Dati Personali [art. 16 del Regolamento UE] (l\u2019interessato ha diritto alla rettifica dei dati personali inesatti che lo riguardano);<br \/>\n\u2013 diritto alla cancellazione dei propri Dati Personali senza ingiustificato ritardo (\u201cdiritto all\u2019oblio\u201d) [art. 17 del Regolamento UE] (l\u2019interessato ha, cos\u00ec come avr\u00e0, diritto alla cancellazione dei propri dati);<br \/>\n\u2013 diritto di limitazione di trattamento dei propri Dati Personali nei casi previsti dall\u2019art. 18 del Regolamento UE, tra cui nel caso di trattamenti illeciti o contestazione dell\u2019esattezza dei Dati Personali da parte dell\u2019interessato [art. 18 del Regolamento UE];<br \/>\n\u2013 diritto alla portabilit\u00e0 dei dati [art. 20 del Regolamento UE], l\u2019interessato potr\u00e0 richiedere in formato strutturato i propri Dati Personali al fine di trasmetterli ad altro titolare, nei casi previsti dal medesimo articolo;<br \/>\n\u2013 diritto di opposizione al trattamento dei propri Dati Personali [art. 21 del Regolamento UE] (l\u2019interessato ha, cos\u00ec come avr\u00e0, diritto alla opposizione del trattamento dei propri dati personali);<br \/>\n\u2013 diritto di non essere sottoposto a processi decisionali automatizzati, [art. 22 del Regolamento UE] (l\u2019interessato ha, cos\u00ec come avr\u00e0, diritto a non essere sottoposto ad una decisione basata unicamente sul trattamento automatizzato).<\/p>\n<p>Ulteriori informazioni circa i diritti dell\u2019interessato potranno ottenersi sul sito www.garanteprivacy.it ovvero chiedendo al Titolare estratto integrale degli articoli sopra richiamati.<\/p>\n<p>I suddetti diritti possono essere esercitati secondo quanto stabilito dal Regolamento inviando una email a info@international-group.it<\/p>\n<p>International Group srl, in ossequio all\u2019art. 19 del Regolamento UE, procedono a informare i destinatari cui sono stati comunicati i dati personali, le eventuali rettifiche, cancellazioni o limitazioni del trattamento richieste, ove ci\u00f2 sia possibile.<\/p>\n<p>Con riferimento alle finalit\u00e0 sopra indicate, l\u2019interessato ha la facolt\u00e0 di procedere, in ogni momento, alla revoca del consenso del trattamento dei dati identificativi e anagrafici inviando una email a info@international-group.it<br \/>\nAi sensi dell\u2019art. 7 del Regolamento UE, la revoca del consenso non comporta pregiudizio sulla liceit\u00e0 del trattamento basata sul consenso effettuato prima dell\u2019avvenuta revoca.<\/p>\n<p>Diritto di proporre reclamo<br \/>\nL\u2019interessato, qualora ritenga che i propri diritti siano stati compromessi, ha diritto di proporre reclamo all\u2019Autorit\u00e0 Garante per la protezione dei dati personali, secondo le modalit\u00e0 indicate dalla stessa Autorit\u00e0 al seguente indirizzo internet: www.garanteprivacy.it\/web\/guest\/home\/docweb\/-\/docweb-display\/docweb\/4535524.<\/p>\n<p>Possibili conseguenze del mancato conferimento dei dati<br \/>\nIl consenso al trattamento dei dati per le finalit\u00e0 di cui sopra \u00e8 libero e facoltativo. Tuttavia l\u2019eventuale rifiuto comporta l\u2019impossibilit\u00e0 da parte del titolare di dare seguito alla suddetta finalit\u00e0.<br \/>\nInternational Group srl non si avvale di alcun processo decisionale automatizzato.<\/p>\n<p>Modalit\u00e0 del trattamento<br \/>\nI dati personali verranno trattati in forma cartacea, informatizzata e telematica ed inseriti nelle pertinenti banche dati (clienti, utenti, ecc.) cui potranno accedere, e quindi venirne a conoscenza, gli addetti espressamente designati dal Titolare quali Responsabili ed Incaricati del trattamento dei dati personali, che potranno effettuare operazioni di consultazione, utilizzo, elaborazione, raffronto ed ogni altra opportuna operazione anche automatizzata nel rispetto delle disposizioni di legge necessarie a garantire, tra l\u2019altro, la riservatezza e la sicurezza dei dati nonch\u00e9 l\u2019esattezza, l\u2019aggiornamento e la pertinenza dei dati rispetto alle finalit\u00e0 dichiarate.<\/p>\n<p>Modifiche e aggiornamenti<br \/>\nLa presente informativa \u00e8 valida dalla data indicata nella sua intestazione.<br \/>\nInternational Group srl potrebbe inoltre apportare modifiche e\/o integrazioni a detta informativa anche quale conseguenza di eventuali e successive modifiche e\/o integrazioni normative.  L\u2019interessato potr\u00e0 visionare il testo dell\u2019informativa costantemente aggiornata sul sito internet www.international-group.it .<\/p>\n","protected":false},"excerpt":{"rendered":"<p>INFORMATIVA PRIVACY AI SENSI DELL\u2019ART. 13 DEL REGOLAMENTO UE 2016\/679 (Informativa aggiornata al 25 maggio 2018) Ai sensi dell\u2019articolo 13 del Regolamento (UE) 2016\/679 La informiamo che i dati personali acquisiti saranno trattati, anche in via automatizzata, da International Group<\/p>\n","protected":false},"author":2,"featured_media":0,"parent":0,"menu_order":0,"comment_status":"closed","ping_status":"closed","template":"","meta":{"_acf_changed":false,"footnotes":""},"class_list":["post-2857","page","type-page","status-publish","hentry"],"acf":[],"aioseo_notices":[],"_links":{"self":[{"href":"https:\/\/www.italiareservation.it\/en\/wp-json\/wp\/v2\/pages\/2857\/"}],"collection":[{"href":"https:\/\/www.italiareservation.it\/en\/wp-json\/wp\/v2\/pages\/"}],"about":[{"href":"https:\/\/www.italiareservation.it\/en\/wp-json\/wp\/v2\/types\/page\/"}],"author":[{"embeddable":true,"href":"https:\/\/www.italiareservation.it\/en\/wp-json\/wp\/v2\/users\/2\/"}],"replies":[{"embeddable":true,"href":"https:\/\/www.italiareservation.it\/en\/wp-json\/wp\/v2\/comments\/?post=2857"}],"version-history":[{"count":0,"href":"https:\/\/www.italiareservation.it\/en\/wp-json\/wp\/v2\/pages\/2857\/revisions\/"}],"wp:attachment":[{"href":"https:\/\/www.italiareservation.it\/en\/wp-json\/wp\/v2\/media\/?parent=2857"}],"curies":[{"name":"wp","href":"https:\/\/api.w.org\/{rel}","templated":true}]}}